{"id":991323,"date":"2023-03-16T13:53:41","date_gmt":"2023-03-16T11:53:41","guid":{"rendered":"https:\/\/www.bexel.io\/politique-de-confidentialite\/"},"modified":"2026-01-13T10:54:14","modified_gmt":"2026-01-13T08:54:14","slug":"politique-de-confidentialite","status":"publish","type":"page","link":"https:\/\/www.bexel.io\/fr\/politique-de-confidentialite\/","title":{"rendered":"Politique de confidentialit\u00e9"},"content":{"rendered":"\t\t<div data-elementor-type=\"wp-page\" data-elementor-id=\"991323\" class=\"elementor elementor-991323 elementor-1648\" data-elementor-post-type=\"page\">\n\t\t\t\t\t\t<section class=\"elementor-section elementor-top-section elementor-element elementor-element-6c5644c elementor-section-boxed elementor-section-height-default elementor-section-height-default\" data-id=\"6c5644c\" data-element_type=\"section\">\n\t\t\t\t\t\t<div class=\"elementor-container elementor-column-gap-default\">\n\t\t\t\t\t<div class=\"elementor-column elementor-col-100 elementor-top-column elementor-element elementor-element-759c98e\" data-id=\"759c98e\" data-element_type=\"column\">\n\t\t\t<div class=\"elementor-widget-wrap elementor-element-populated\">\n\t\t\t\t\t\t<div class=\"elementor-element elementor-element-9af75f0 animated-slow elementor-invisible elementor-widget elementor-widget-heading\" data-id=\"9af75f0\" data-element_type=\"widget\" data-settings=\"{&quot;_animation&quot;:&quot;fadeIn&quot;,&quot;_animation_tablet&quot;:&quot;none&quot;}\" data-widget_type=\"heading.default\">\n\t\t\t\t<div class=\"elementor-widget-container\">\n\t\t\t\t\t<h1 class=\"elementor-heading-title elementor-size-default\">Politique de confidentialit\u00e9<\/h1>\t\t\t\t<\/div>\n\t\t\t\t<\/div>\n\t\t\t\t<div class=\"elementor-element elementor-element-88a728c animated-slow elementor-invisible elementor-widget elementor-widget-heading\" data-id=\"88a728c\" data-element_type=\"widget\" data-settings=\"{&quot;_animation&quot;:&quot;fadeIn&quot;,&quot;_animation_tablet&quot;:&quot;none&quot;,&quot;_animation_delay&quot;:300}\" data-widget_type=\"heading.default\">\n\t\t\t\t<div class=\"elementor-widget-container\">\n\t\t\t\t\t<p class=\"elementor-heading-title elementor-size-default\">pour Bexel Inspection Software<\/p>\t\t\t\t<\/div>\n\t\t\t\t<\/div>\n\t\t\t\t<div class=\"elementor-element elementor-element-31a03c4 elementor-widget elementor-widget-spacer\" data-id=\"31a03c4\" data-element_type=\"widget\" data-widget_type=\"spacer.default\">\n\t\t\t\t<div class=\"elementor-widget-container\">\n\t\t\t\t\t\t\t<div class=\"elementor-spacer\">\n\t\t\t<div class=\"elementor-spacer-inner\"><\/div>\n\t\t<\/div>\n\t\t\t\t\t\t<\/div>\n\t\t\t\t<\/div>\n\t\t\t\t\t<\/div>\n\t\t<\/div>\n\t\t\t\t\t<\/div>\n\t\t<\/section>\n\t\t\t\t<section class=\"elementor-section elementor-top-section elementor-element elementor-element-1fcb2d8 elementor-section-boxed elementor-section-height-default elementor-section-height-default\" data-id=\"1fcb2d8\" data-element_type=\"section\">\n\t\t\t\t\t\t<div class=\"elementor-container elementor-column-gap-no\">\n\t\t\t\t\t<div class=\"elementor-column elementor-col-100 elementor-top-column elementor-element elementor-element-5923213\" data-id=\"5923213\" data-element_type=\"column\">\n\t\t\t<div class=\"elementor-widget-wrap elementor-element-populated\">\n\t\t\t\t\t\t<div class=\"elementor-element elementor-element-6acf5a5 elementor-widget elementor-widget-heading\" data-id=\"6acf5a5\" data-element_type=\"widget\" data-widget_type=\"heading.default\">\n\t\t\t\t<div class=\"elementor-widget-container\">\n\t\t\t\t\t<h3 class=\"elementor-heading-title elementor-size-default\">Quelles informations collectons-nous ?<\/h3>\t\t\t\t<\/div>\n\t\t\t\t<\/div>\n\t\t\t\t<div class=\"elementor-element elementor-element-d10225c elementor-widget elementor-widget-text-editor\" data-id=\"d10225c\" data-element_type=\"widget\" data-widget_type=\"text-editor.default\">\n\t\t\t\t<div class=\"elementor-widget-container\">\n\t\t\t\t\t\t\t\t\tLorsque vous interagissez avec nous, nous pouvons collecter votre nom, votre adresse, votre ou vos adresses e-mail, votre ou vos num\u00e9ros de t\u00e9l\u00e9phone et, le cas \u00e9ch\u00e9ant, votre date de naissance.\n\t\t\t\t\t\t\t\t<\/div>\n\t\t\t\t<\/div>\n\t\t\t\t<div class=\"elementor-element elementor-element-4a7087e elementor-widget elementor-widget-heading\" data-id=\"4a7087e\" data-element_type=\"widget\" data-widget_type=\"heading.default\">\n\t\t\t\t<div class=\"elementor-widget-container\">\n\t\t\t\t\t<h3 class=\"elementor-heading-title elementor-size-default\">Comment collectons-nous les informations ?<\/h3>\t\t\t\t<\/div>\n\t\t\t\t<\/div>\n\t\t\t\t<div class=\"elementor-element elementor-element-ff17bec elementor-widget elementor-widget-text-editor\" data-id=\"ff17bec\" data-element_type=\"widget\" data-widget_type=\"text-editor.default\">\n\t\t\t\t<div class=\"elementor-widget-container\">\n\t\t\t\t\t\t\t\t\tNous pouvons collecter des informations vous concernant chaque fois que vous interagissez avec nous. Par exemple, lorsque vous nous contactez au sujet de nos activit\u00e9s, vous vous inscrivez en tant que soutien, envoyez ou recevez des informations ou signez une p\u00e9tition, vous nous fournissez volontairement et en toute connaissance de cause vos informations personnelles.<br>Nous pouvons \u00e9galement recevoir des informations vous concernant de la part de tiers, mais uniquement si vous leur avez donn\u00e9 l\u2019autorisation de partager vos informations.  \t\t\t\t\t\t\t\t<\/div>\n\t\t\t\t<\/div>\n\t\t\t\t<div class=\"elementor-element elementor-element-066c896 elementor-widget elementor-widget-heading\" data-id=\"066c896\" data-element_type=\"widget\" data-widget_type=\"heading.default\">\n\t\t\t\t<div class=\"elementor-widget-container\">\n\t\t\t\t\t<h3 class=\"elementor-heading-title elementor-size-default\">Confidentialit\u00e9<\/h3>\t\t\t\t<\/div>\n\t\t\t\t<\/div>\n\t\t\t\t<div class=\"elementor-element elementor-element-783a250 elementor-widget elementor-widget-text-editor\" data-id=\"783a250\" data-element_type=\"widget\" data-widget_type=\"text-editor.default\">\n\t\t\t\t<div class=\"elementor-widget-container\">\n\t\t\t\t\t\t\t\t\tNous ne sommes pas responsables de la confidentialit\u00e9 des donn\u00e9es collect\u00e9es par des sites web qui ne sont pas d\u00e9tenus ou g\u00e9r\u00e9s par l\u2019organisation, y compris ceux accessibles via des liens pr\u00e9sents sur notre site web.\t\t\t\t\t\t\t\t<\/div>\n\t\t\t\t<\/div>\n\t\t\t\t<div class=\"elementor-element elementor-element-d40b075 elementor-widget elementor-widget-heading\" data-id=\"d40b075\" data-element_type=\"widget\" data-widget_type=\"heading.default\">\n\t\t\t\t<div class=\"elementor-widget-container\">\n\t\t\t\t\t<h3 class=\"elementor-heading-title elementor-size-default\">D\u00e9p\u00f4t d\u2019une r\u00e9clamation<\/h3>\t\t\t\t<\/div>\n\t\t\t\t<\/div>\n\t\t\t\t<div class=\"elementor-element elementor-element-9e1f706 elementor-widget elementor-widget-text-editor\" data-id=\"9e1f706\" data-element_type=\"widget\" data-widget_type=\"text-editor.default\">\n\t\t\t\t<div class=\"elementor-widget-container\">\n\t\t\t\t\t\t\t\t\t<p>Si vous n\u2019\u00eates pas satisfait de la r\u00e9ponse apport\u00e9e, veuillez nous contacter \u00e0 l\u2019adresse hello@bexel.io en fournissant les d\u00e9tails expliquant vos pr\u00e9occupations. Nous examinerons votre r\u00e9clamation et v\u00e9rifierons si les proc\u00e9dures appropri\u00e9es ont \u00e9t\u00e9 respect\u00e9es, puis nous vous r\u00e9pondrons en cons\u00e9quence.<br>Nous nous effor\u00e7ons de finaliser cette enqu\u00eate dans un d\u00e9lai de 15 jours ouvrables \u00e0 compter de la r\u00e9ception de votre r\u00e9clamation. Toutefois, dans certains cas, ce d\u00e9lai peut \u00eatre plus long. Si vous n\u2019\u00eates toujours pas satisfait de la r\u00e9ponse, vous pouvez <a href=\"https:\/\/www.bexel.io\/\/contacts\/\">nous contacter<\/a> de nouveau.   <\/p>\t\t\t\t\t\t\t\t<\/div>\n\t\t\t\t<\/div>\n\t\t\t\t\t<\/div>\n\t\t<\/div>\n\t\t\t\t\t<\/div>\n\t\t<\/section>\n\t\t\t\t<\/div>\n\t\t","protected":false},"excerpt":{"rendered":"<p>Politique de confidentialit\u00e9 pour Bexel Inspection Software Quelles informations collectons-nous ? Lorsque vous interagissez avec nous, nous pouvons collecter votre nom, votre adresse, votre ou vos adresses e-mail, votre ou vos num\u00e9ros de t\u00e9l\u00e9phone et, le cas \u00e9ch\u00e9ant, votre date de naissance. Comment collectons-nous les informations ? Nous pouvons collecter des informations vous concernant chaque&#8230;<\/p>\n","protected":false},"author":7,"featured_media":0,"parent":0,"menu_order":0,"comment_status":"closed","ping_status":"closed","template":"elementor_header_footer","meta":{"_monsterinsights_skip_tracking":false,"_monsterinsights_sitenote_active":false,"_monsterinsights_sitenote_note":"","_monsterinsights_sitenote_category":0,"footnotes":""},"class_list":["post-991323","page","type-page","status-publish","hentry"],"yoast_head":"<!-- This site is optimized with the Yoast SEO plugin v24.4 - https:\/\/yoast.com\/wordpress\/plugins\/seo\/ -->\n<title>Politique de confidentialit\u00e9 - Bexel Inspection Software<\/title>\n<meta name=\"robots\" content=\"index, follow, max-snippet:-1, max-image-preview:large, max-video-preview:-1\" \/>\n<link rel=\"canonical\" href=\"https:\/\/www.bexel.io\/fr\/politique-de-confidentialite\/\" \/>\n<meta property=\"og:locale\" content=\"fr_FR\" \/>\n<meta property=\"og:type\" content=\"article\" \/>\n<meta property=\"og:title\" content=\"Politique de confidentialit\u00e9 - Bexel Inspection Software\" \/>\n<meta property=\"og:description\" content=\"Politique de confidentialit\u00e9 pour Bexel Inspection Software Quelles informations collectons-nous ? Lorsque vous interagissez avec nous, nous pouvons collecter votre nom, votre adresse, votre ou vos adresses e-mail, votre ou vos num\u00e9ros de t\u00e9l\u00e9phone et, le cas \u00e9ch\u00e9ant, votre date de naissance. Comment collectons-nous les informations ? Nous pouvons collecter des informations vous concernant chaque...\" \/>\n<meta property=\"og:url\" content=\"https:\/\/www.bexel.io\/fr\/politique-de-confidentialite\/\" \/>\n<meta property=\"og:site_name\" content=\"Bexel Inspection Software\" \/>\n<meta property=\"article:modified_time\" content=\"2026-01-13T08:54:14+00:00\" \/>\n<meta name=\"twitter:card\" content=\"summary_large_image\" \/>\n<meta name=\"twitter:label1\" content=\"Dur\u00e9e de lecture estim\u00e9e\" \/>\n\t<meta name=\"twitter:data1\" content=\"1 minute\" \/>\n<script type=\"application\/ld+json\" class=\"yoast-schema-graph\">{\"@context\":\"https:\/\/schema.org\",\"@graph\":[{\"@type\":\"WebPage\",\"@id\":\"https:\/\/www.bexel.io\/fr\/politique-de-confidentialite\/\",\"url\":\"https:\/\/www.bexel.io\/fr\/politique-de-confidentialite\/\",\"name\":\"Politique de confidentialit\u00e9 - Bexel Inspection Software\",\"isPartOf\":{\"@id\":\"https:\/\/www.bexel.io\/ar\/#website\"},\"datePublished\":\"2023-03-16T11:53:41+00:00\",\"dateModified\":\"2026-01-13T08:54:14+00:00\",\"breadcrumb\":{\"@id\":\"https:\/\/www.bexel.io\/fr\/politique-de-confidentialite\/#breadcrumb\"},\"inLanguage\":\"fr-FR\",\"potentialAction\":[{\"@type\":\"ReadAction\",\"target\":[\"https:\/\/www.bexel.io\/fr\/politique-de-confidentialite\/\"]}]},{\"@type\":\"BreadcrumbList\",\"@id\":\"https:\/\/www.bexel.io\/fr\/politique-de-confidentialite\/#breadcrumb\",\"itemListElement\":[{\"@type\":\"ListItem\",\"position\":1,\"name\":\"Home\",\"item\":\"https:\/\/www.bexel.io\/fr\/\"},{\"@type\":\"ListItem\",\"position\":2,\"name\":\"Politique de confidentialit\u00e9\"}]},{\"@type\":\"WebSite\",\"@id\":\"https:\/\/www.bexel.io\/ar\/#website\",\"url\":\"https:\/\/www.bexel.io\/ar\/\",\"name\":\"Bexel Inspection Software\",\"description\":\"Inspect. Certify.\",\"publisher\":{\"@id\":\"https:\/\/www.bexel.io\/ar\/#organization\"},\"potentialAction\":[{\"@type\":\"SearchAction\",\"target\":{\"@type\":\"EntryPoint\",\"urlTemplate\":\"https:\/\/www.bexel.io\/ar\/?s={search_term_string}\"},\"query-input\":{\"@type\":\"PropertyValueSpecification\",\"valueRequired\":true,\"valueName\":\"search_term_string\"}}],\"inLanguage\":\"fr-FR\"},{\"@type\":\"Organization\",\"@id\":\"https:\/\/www.bexel.io\/ar\/#organization\",\"name\":\"Bexel Inspection Software\",\"url\":\"https:\/\/www.bexel.io\/ar\/\",\"logo\":{\"@type\":\"ImageObject\",\"inLanguage\":\"fr-FR\",\"@id\":\"https:\/\/www.bexel.io\/ar\/#\/schema\/logo\/image\/\",\"url\":\"https:\/\/www.bexel.io\/wp-content\/uploads\/2023\/03\/Asset-15.png\",\"contentUrl\":\"https:\/\/www.bexel.io\/wp-content\/uploads\/2023\/03\/Asset-15.png\",\"width\":823,\"height\":263,\"caption\":\"Bexel Inspection Software\"},\"image\":{\"@id\":\"https:\/\/www.bexel.io\/ar\/#\/schema\/logo\/image\/\"}}]}<\/script>\n<!-- \/ Yoast SEO plugin. -->","yoast_head_json":{"title":"Politique de confidentialit\u00e9 - Bexel Inspection Software","robots":{"index":"index","follow":"follow","max-snippet":"max-snippet:-1","max-image-preview":"max-image-preview:large","max-video-preview":"max-video-preview:-1"},"canonical":"https:\/\/www.bexel.io\/fr\/politique-de-confidentialite\/","og_locale":"fr_FR","og_type":"article","og_title":"Politique de confidentialit\u00e9 - Bexel Inspection Software","og_description":"Politique de confidentialit\u00e9 pour Bexel Inspection Software Quelles informations collectons-nous ? Lorsque vous interagissez avec nous, nous pouvons collecter votre nom, votre adresse, votre ou vos adresses e-mail, votre ou vos num\u00e9ros de t\u00e9l\u00e9phone et, le cas \u00e9ch\u00e9ant, votre date de naissance. Comment collectons-nous les informations ? Nous pouvons collecter des informations vous concernant chaque...","og_url":"https:\/\/www.bexel.io\/fr\/politique-de-confidentialite\/","og_site_name":"Bexel Inspection Software","article_modified_time":"2026-01-13T08:54:14+00:00","twitter_card":"summary_large_image","twitter_misc":{"Dur\u00e9e de lecture estim\u00e9e":"1 minute"},"schema":{"@context":"https:\/\/schema.org","@graph":[{"@type":"WebPage","@id":"https:\/\/www.bexel.io\/fr\/politique-de-confidentialite\/","url":"https:\/\/www.bexel.io\/fr\/politique-de-confidentialite\/","name":"Politique de confidentialit\u00e9 - Bexel Inspection Software","isPartOf":{"@id":"https:\/\/www.bexel.io\/ar\/#website"},"datePublished":"2023-03-16T11:53:41+00:00","dateModified":"2026-01-13T08:54:14+00:00","breadcrumb":{"@id":"https:\/\/www.bexel.io\/fr\/politique-de-confidentialite\/#breadcrumb"},"inLanguage":"fr-FR","potentialAction":[{"@type":"ReadAction","target":["https:\/\/www.bexel.io\/fr\/politique-de-confidentialite\/"]}]},{"@type":"BreadcrumbList","@id":"https:\/\/www.bexel.io\/fr\/politique-de-confidentialite\/#breadcrumb","itemListElement":[{"@type":"ListItem","position":1,"name":"Home","item":"https:\/\/www.bexel.io\/fr\/"},{"@type":"ListItem","position":2,"name":"Politique de confidentialit\u00e9"}]},{"@type":"WebSite","@id":"https:\/\/www.bexel.io\/ar\/#website","url":"https:\/\/www.bexel.io\/ar\/","name":"Bexel Inspection Software","description":"Inspect. Certify.","publisher":{"@id":"https:\/\/www.bexel.io\/ar\/#organization"},"potentialAction":[{"@type":"SearchAction","target":{"@type":"EntryPoint","urlTemplate":"https:\/\/www.bexel.io\/ar\/?s={search_term_string}"},"query-input":{"@type":"PropertyValueSpecification","valueRequired":true,"valueName":"search_term_string"}}],"inLanguage":"fr-FR"},{"@type":"Organization","@id":"https:\/\/www.bexel.io\/ar\/#organization","name":"Bexel Inspection Software","url":"https:\/\/www.bexel.io\/ar\/","logo":{"@type":"ImageObject","inLanguage":"fr-FR","@id":"https:\/\/www.bexel.io\/ar\/#\/schema\/logo\/image\/","url":"https:\/\/www.bexel.io\/wp-content\/uploads\/2023\/03\/Asset-15.png","contentUrl":"https:\/\/www.bexel.io\/wp-content\/uploads\/2023\/03\/Asset-15.png","width":823,"height":263,"caption":"Bexel Inspection Software"},"image":{"@id":"https:\/\/www.bexel.io\/ar\/#\/schema\/logo\/image\/"}}]}},"jetpack_sharing_enabled":true,"_links":{"self":[{"href":"https:\/\/www.bexel.io\/fr\/wp-json\/wp\/v2\/pages\/991323","targetHints":{"allow":["GET"]}}],"collection":[{"href":"https:\/\/www.bexel.io\/fr\/wp-json\/wp\/v2\/pages"}],"about":[{"href":"https:\/\/www.bexel.io\/fr\/wp-json\/wp\/v2\/types\/page"}],"author":[{"embeddable":true,"href":"https:\/\/www.bexel.io\/fr\/wp-json\/wp\/v2\/users\/7"}],"replies":[{"embeddable":true,"href":"https:\/\/www.bexel.io\/fr\/wp-json\/wp\/v2\/comments?post=991323"}],"version-history":[{"count":1,"href":"https:\/\/www.bexel.io\/fr\/wp-json\/wp\/v2\/pages\/991323\/revisions"}],"predecessor-version":[{"id":991324,"href":"https:\/\/www.bexel.io\/fr\/wp-json\/wp\/v2\/pages\/991323\/revisions\/991324"}],"wp:attachment":[{"href":"https:\/\/www.bexel.io\/fr\/wp-json\/wp\/v2\/media?parent=991323"}],"curies":[{"name":"wp","href":"https:\/\/api.w.org\/{rel}","templated":true}]}}